{"id":252,"date":"2019-10-09T20:38:40","date_gmt":"2019-10-09T23:38:40","guid":{"rendered":"http:\/\/coloquiointernacional.unilab.edu.br\/?page_id=252"},"modified":"2019-10-10T16:29:43","modified_gmt":"2019-10-10T19:29:43","slug":"mesa-redonda","status":"publish","type":"page","link":"https:\/\/coloquiointernacional.unilab.edu.br\/index.php\/mesa-redonda\/","title":{"rendered":"MESAS REDONDAS"},"content":{"rendered":"\n<p style=\"text-align:center\" class=\"has-background has-medium-font-size has-luminous-vivid-amber-background-color\">        <strong>22 de outubro  <\/strong><\/p>\n\n\n\n<p style=\"font-size:22px;text-align:center\" class=\"has-background has-luminous-vivid-amber-background-color\"><strong>        <\/strong><em><strong>O papel das institui\u00e7\u00f5es na constru\u00e7\u00e3o de uma educa\u00e7\u00e3o decolonial e afro-centrada<\/strong><\/em><\/p>\n\n\n\n<figure class=\"wp-block-image\"><img loading=\"lazy\" decoding=\"async\" width=\"1024\" height=\"1024\" src=\"https:\/\/coloquiointernacional.unilab.edu.br\/wp-content\/uploads\/2019\/10\/IMG-20190926-WA0074-1024x1024.jpg\" alt=\"\" class=\"wp-image-96\" srcset=\"https:\/\/coloquiointernacional.unilab.edu.br\/wp-content\/uploads\/2019\/10\/IMG-20190926-WA0074-1024x1024.jpg 1024w, https:\/\/coloquiointernacional.unilab.edu.br\/wp-content\/uploads\/2019\/10\/IMG-20190926-WA0074-150x150.jpg 150w, https:\/\/coloquiointernacional.unilab.edu.br\/wp-content\/uploads\/2019\/10\/IMG-20190926-WA0074-300x300.jpg 300w, https:\/\/coloquiointernacional.unilab.edu.br\/wp-content\/uploads\/2019\/10\/IMG-20190926-WA0074-768x768.jpg 768w, https:\/\/coloquiointernacional.unilab.edu.br\/wp-content\/uploads\/2019\/10\/IMG-20190926-WA0074.jpg 1280w\" sizes=\"auto, (max-width: 1024px) 100vw, 1024px\" \/><\/figure>\n\n\n\n<p style=\"font-size:22px;text-align:center\" class=\"has-background has-luminous-vivid-amber-background-color\">          <strong>23 de outubro <\/strong><\/p>\n\n\n\n<p style=\"font-size:22px;text-align:center\" class=\"has-background has-luminous-vivid-amber-background-color\"><strong>         <\/strong><em><strong>Tradu\u00e7\u00e3o e ensino de L\u00ednguas estrangeiras em perspectiva decolonial<\/strong><\/em><\/p>\n\n\n\n<figure class=\"wp-block-image\"><img loading=\"lazy\" decoding=\"async\" width=\"1024\" height=\"1022\" src=\"https:\/\/coloquiointernacional.unilab.edu.br\/wp-content\/uploads\/2019\/10\/IMG-20190926-WA0075-1024x1022.jpg\" alt=\"\" class=\"wp-image-93\" srcset=\"https:\/\/coloquiointernacional.unilab.edu.br\/wp-content\/uploads\/2019\/10\/IMG-20190926-WA0075-1024x1022.jpg 1024w, https:\/\/coloquiointernacional.unilab.edu.br\/wp-content\/uploads\/2019\/10\/IMG-20190926-WA0075-150x150.jpg 150w, https:\/\/coloquiointernacional.unilab.edu.br\/wp-content\/uploads\/2019\/10\/IMG-20190926-WA0075-300x300.jpg 300w, https:\/\/coloquiointernacional.unilab.edu.br\/wp-content\/uploads\/2019\/10\/IMG-20190926-WA0075-768x767.jpg 768w, https:\/\/coloquiointernacional.unilab.edu.br\/wp-content\/uploads\/2019\/10\/IMG-20190926-WA0075.jpg 1183w\" sizes=\"auto, (max-width: 1024px) 100vw, 1024px\" \/><\/figure>\n\n\n\n<p style=\"font-size:22px;text-align:center\" class=\"has-background has-luminous-vivid-amber-background-color\">                             <strong>24 de outubro        <\/strong><\/p>\n\n\n\n<p style=\"font-size:22px;text-align:center\" class=\"has-background has-luminous-vivid-amber-background-color\"><strong>                   <em>Experi\u00eancias e pr\u00e1ticas pedag\u00f3gicas afro-decoloniais<\/em><\/strong><\/p>\n\n\n\n<figure class=\"wp-block-image\"><img loading=\"lazy\" decoding=\"async\" width=\"1024\" height=\"1024\" src=\"https:\/\/coloquiointernacional.unilab.edu.br\/wp-content\/uploads\/2019\/10\/IMG-20190926-WA0076-1024x1024.jpg\" alt=\"\" class=\"wp-image-90\" srcset=\"https:\/\/coloquiointernacional.unilab.edu.br\/wp-content\/uploads\/2019\/10\/IMG-20190926-WA0076-1024x1024.jpg 1024w, https:\/\/coloquiointernacional.unilab.edu.br\/wp-content\/uploads\/2019\/10\/IMG-20190926-WA0076-150x150.jpg 150w, https:\/\/coloquiointernacional.unilab.edu.br\/wp-content\/uploads\/2019\/10\/IMG-20190926-WA0076-300x300.jpg 300w, https:\/\/coloquiointernacional.unilab.edu.br\/wp-content\/uploads\/2019\/10\/IMG-20190926-WA0076-768x768.jpg 768w, https:\/\/coloquiointernacional.unilab.edu.br\/wp-content\/uploads\/2019\/10\/IMG-20190926-WA0076.jpg 1181w\" sizes=\"auto, (max-width: 1024px) 100vw, 1024px\" \/><\/figure>\n\n\n\n<p style=\"font-size:22px;text-align:center\" class=\"has-background has-luminous-vivid-amber-background-color\">         <strong>   25 de outubro<\/strong><\/p>\n\n\n\n<p style=\"font-size:22px;text-align:center\" class=\"has-background has-luminous-vivid-amber-background-color\">        <strong><em>Mesa deencerramento <br> Filosofia e ancestralidade africano-brasileira: di\u00e1logos para uma educa\u00e7\u00e3o afroc\u00eantrica<\/em><\/strong><\/p>\n\n\n\n<figure class=\"wp-block-image\"><img loading=\"lazy\" decoding=\"async\" width=\"1024\" height=\"1024\" src=\"https:\/\/coloquiointernacional.unilab.edu.br\/wp-content\/uploads\/2019\/10\/IMG-20190926-WA0067-1024x1024.jpg\" alt=\"\" class=\"wp-image-78\" srcset=\"https:\/\/coloquiointernacional.unilab.edu.br\/wp-content\/uploads\/2019\/10\/IMG-20190926-WA0067-1024x1024.jpg 1024w, https:\/\/coloquiointernacional.unilab.edu.br\/wp-content\/uploads\/2019\/10\/IMG-20190926-WA0067-150x150.jpg 150w, https:\/\/coloquiointernacional.unilab.edu.br\/wp-content\/uploads\/2019\/10\/IMG-20190926-WA0067-300x300.jpg 300w, https:\/\/coloquiointernacional.unilab.edu.br\/wp-content\/uploads\/2019\/10\/IMG-20190926-WA0067-768x768.jpg 768w, https:\/\/coloquiointernacional.unilab.edu.br\/wp-content\/uploads\/2019\/10\/IMG-20190926-WA0067.jpg 1280w\" sizes=\"auto, (max-width: 1024px) 100vw, 1024px\" \/><\/figure>\n","protected":false},"excerpt":{"rendered":"<p>22 de outubro O papel das institui\u00e7\u00f5es na constru\u00e7\u00e3o de uma educa\u00e7\u00e3o decolonial e afro-centrada 23 de outubro Tradu\u00e7\u00e3o e ensino de L\u00ednguas estrangeiras em perspectiva decolonial 24 de outubro Experi\u00eancias e pr\u00e1ticas pedag\u00f3gicas afro-decoloniais 25 de outubro Mesa deencerramento Filosofia e ancestralidade africano-brasileira: di\u00e1logos para uma educa\u00e7\u00e3o afroc\u00eantrica<\/p>\n","protected":false},"author":2,"featured_media":0,"parent":0,"menu_order":2,"comment_status":"closed","ping_status":"closed","template":"","meta":{"footnotes":""},"class_list":["post-252","page","type-page","status-publish","hentry"],"_links":{"self":[{"href":"https:\/\/coloquiointernacional.unilab.edu.br\/index.php\/wp-json\/wp\/v2\/pages\/252","targetHints":{"allow":["GET"]}}],"collection":[{"href":"https:\/\/coloquiointernacional.unilab.edu.br\/index.php\/wp-json\/wp\/v2\/pages"}],"about":[{"href":"https:\/\/coloquiointernacional.unilab.edu.br\/index.php\/wp-json\/wp\/v2\/types\/page"}],"author":[{"embeddable":true,"href":"https:\/\/coloquiointernacional.unilab.edu.br\/index.php\/wp-json\/wp\/v2\/users\/2"}],"replies":[{"embeddable":true,"href":"https:\/\/coloquiointernacional.unilab.edu.br\/index.php\/wp-json\/wp\/v2\/comments?post=252"}],"version-history":[{"count":17,"href":"https:\/\/coloquiointernacional.unilab.edu.br\/index.php\/wp-json\/wp\/v2\/pages\/252\/revisions"}],"predecessor-version":[{"id":303,"href":"https:\/\/coloquiointernacional.unilab.edu.br\/index.php\/wp-json\/wp\/v2\/pages\/252\/revisions\/303"}],"wp:attachment":[{"href":"https:\/\/coloquiointernacional.unilab.edu.br\/index.php\/wp-json\/wp\/v2\/media?parent=252"}],"curies":[{"name":"wp","href":"https:\/\/api.w.org\/{rel}","templated":true}]}}