{"id":220,"date":"2019-10-09T17:45:35","date_gmt":"2019-10-09T20:45:35","guid":{"rendered":"http:\/\/coloquiointernacional.unilab.edu.br\/?page_id=220"},"modified":"2019-10-20T13:42:15","modified_gmt":"2019-10-20T16:42:15","slug":"localizacao","status":"publish","type":"page","link":"https:\/\/coloquiointernacional.unilab.edu.br\/index.php\/localizacao\/","title":{"rendered":"LOCALIZA\u00c7\u00c3O"},"content":{"rendered":"\n<p class=\"has-background has-luminous-vivid-amber-background-color\"><strong>UNILAB:<\/strong>&nbsp;Avenida Juvenal Eug\u00eanio Queiroz, s\/n \u2013 S\u00e3o Francisco do Conde\/BA<\/p>\n\n\n\n<p><br><strong>CEPAIA e PPGEAFIN\/CEPAIA:<\/strong>&nbsp;Rua do Passo, 04 \u2013 Santo Ant\u00f4nio Al\u00e9m do Carmo \u2013 Salvador\/BA<\/p>\n\n\n\n<figure><iframe loading=\"lazy\" src=\"https:\/\/www.google.com\/maps\/embed?pb=!1m18!1m12!1m3!1d15573.649430952784!2d-38.68443385334525!3d-12.620931386149664!2m3!1f0!2f0!3f0!3m2!1i1024!2i768!4f13.1!3m3!1m2!1s0x715d86d6a6d4f69%3A0xa046c4bfe2ef80db!2sUNILAB%20-%20Campus%20dos%20Mal%C3%AAs!5e0!3m2!1spt-BR!2sbr!4v1570737894146!5m2!1spt-BR!2sbr\" width=\"600\" height=\"450\" allowfullscreen=\"\"><\/iframe><\/figure>\n\n\n\n<figure><iframe loading=\"lazy\" src=\"https:\/\/www.google.com\/maps\/embed?pb=!1m18!1m12!1m3!1d3888.042635350411!2d-38.50997788577291!3d-12.969123663271963!2m3!1f0!2f0!3f0!3m2!1i1024!2i768!4f13.1!3m3!1m2!1s0x71604e733248be7%3A0xe1538254cbad94e!2sR.%20do%20Passo%2C%204%20-%20Santo%20Ant%C3%B4nio%20Al%C3%A9m%20do%20Carmo%2C%20Salvador%20-%20BA%2C%2040301-380!5e0!3m2!1spt-BR!2sbr!4v1570738604750!5m2!1spt-BR!2sbr\" width=\"600\" height=\"450\" allowfullscreen=\"\"><\/iframe><\/figure>\n\n\n\n<p><br><strong>ESPA\u00c7O CULTURAL D&#8217;VENETTA<\/strong>: Rua dos Ad\u00f4bes, 12 &#8211; Santo Ant\u00f4nio Al\u00e9m do Carmo \u2013 Salvador-BA <\/p>\n\n\n\nhttps:\/\/www.google.com\/maps?q=ESPA%C3%87O+CULTURAL+D%27VENETTA:+Rua+dos+Ad%C3%B4bes,+12+-+Santo+Ant%C3%B4nio+Al%C3%A9m+do+Carmo+%E2%80%93+Salvador-BA&#038;um=1&#038;ie=UTF-8&#038;sa=X&#038;ved=0ahUKEwj4rM_5o6vlAhVbLLkGHY36BKkQ_AUIEigB\n","protected":false},"excerpt":{"rendered":"<p>UNILAB:&nbsp;Avenida Juvenal Eug\u00eanio Queiroz, s\/n \u2013 S\u00e3o Francisco do Conde\/BA CEPAIA e PPGEAFIN\/CEPAIA:&nbsp;Rua do Passo, 04 \u2013 Santo Ant\u00f4nio Al\u00e9m do Carmo \u2013 Salvador\/BA ESPA\u00c7O CULTURAL D&#8217;VENETTA: Rua dos Ad\u00f4bes, 12 &#8211; Santo Ant\u00f4nio Al\u00e9m do Carmo \u2013 Salvador-BA https:\/\/www.google.com\/maps?q=ESPA%C3%87O+CULTURAL+D%27VENETTA:+Rua+dos+Ad%C3%B4bes,+12+-+Santo+Ant%C3%B4nio+Al%C3%A9m+do+Carmo+%E2%80%93+Salvador-BA&#038;um=1&#038;ie=UTF-8&#038;sa=X&#038;ved=0ahUKEwj4rM_5o6vlAhVbLLkGHY36BKkQ_AUIEigB<\/p>\n","protected":false},"author":2,"featured_media":0,"parent":0,"menu_order":8,"comment_status":"closed","ping_status":"closed","template":"","meta":{"footnotes":""},"class_list":["post-220","page","type-page","status-publish","hentry"],"_links":{"self":[{"href":"https:\/\/coloquiointernacional.unilab.edu.br\/index.php\/wp-json\/wp\/v2\/pages\/220","targetHints":{"allow":["GET"]}}],"collection":[{"href":"https:\/\/coloquiointernacional.unilab.edu.br\/index.php\/wp-json\/wp\/v2\/pages"}],"about":[{"href":"https:\/\/coloquiointernacional.unilab.edu.br\/index.php\/wp-json\/wp\/v2\/types\/page"}],"author":[{"embeddable":true,"href":"https:\/\/coloquiointernacional.unilab.edu.br\/index.php\/wp-json\/wp\/v2\/users\/2"}],"replies":[{"embeddable":true,"href":"https:\/\/coloquiointernacional.unilab.edu.br\/index.php\/wp-json\/wp\/v2\/comments?post=220"}],"version-history":[{"count":7,"href":"https:\/\/coloquiointernacional.unilab.edu.br\/index.php\/wp-json\/wp\/v2\/pages\/220\/revisions"}],"predecessor-version":[{"id":371,"href":"https:\/\/coloquiointernacional.unilab.edu.br\/index.php\/wp-json\/wp\/v2\/pages\/220\/revisions\/371"}],"wp:attachment":[{"href":"https:\/\/coloquiointernacional.unilab.edu.br\/index.php\/wp-json\/wp\/v2\/media?parent=220"}],"curies":[{"name":"wp","href":"https:\/\/api.w.org\/{rel}","templated":true}]}}