{"id":218,"date":"2019-10-09T17:43:06","date_gmt":"2019-10-09T20:43:06","guid":{"rendered":"http:\/\/coloquiointernacional.unilab.edu.br\/?page_id=218"},"modified":"2019-10-11T10:37:49","modified_gmt":"2019-10-11T13:37:49","slug":"comite","status":"publish","type":"page","link":"https:\/\/coloquiointernacional.unilab.edu.br\/index.php\/comite\/","title":{"rendered":"COMIT\u00ca"},"content":{"rendered":"\n<p class=\"has-background has-luminous-vivid-amber-background-color\">                                   <strong><em>COORDENA\u00c7\u00c3O GERAL<\/em><\/strong><br><strong>Juliana Barreto Farias<\/strong>\u00a0(UNILAB-Campus dos Mal\u00eas-UNEB-BA,Brasil)<br><strong>F\u00e1bia Barbosa Ribeiro<\/strong>\u00a0(UNILAB-Campus dos Mal\u00eas- BA\/UNIFESP)<br><strong>Maria Aparecida Oliveira Lopes<\/strong>\u00a0(UFSB-Brasil)<br><strong>S\u00e9bastien Lef\u00e8vre<\/strong>\u00a0(Universit\u00e9 Gaston Berger, Saint Louis, Senegal\/Universit\u00e9 Paris Nanterre, Fran\u00e7a)<br><strong>Christian Hounnouvi Coffi<\/strong>\u00a0(Universit\u00e9 de Nantes, Fran\u00e7a)<br><strong>Michel Feugain<\/strong>\u00a0(Universit\u00e9 Catholique de Lille, Fran\u00e7a)<br><strong>Fabiana Carneiro da Silva<\/strong>\u00a0(UFSB-Brasil) <\/p>\n\n\n\n<p><\/p>\n\n\n\n<p style=\"text-align:center\" class=\"has-background has-luminous-vivid-amber-background-color\"><strong><em>COMISS\u00c3O ORGANIZADORA LOCAL<\/em><\/strong><\/p>\n\n\n\n<p style=\"text-align:left\" class=\"has-background has-luminous-vivid-amber-background-color\"><strong>Juliana Barreto Farias<\/strong> (UNILAB-Campus dos Mal\u00eas-Bahia, Brasil-UNEB Bahia)                                                                                                                                                                                                                                               <strong>F\u00e1bia Barbosa Ribeiro<\/strong> (UNILAB-Campus dos Mal\u00eas-BA\/UNIFESP)<br><strong>Alexandre Ant\u00f3nio Timbane<\/strong> (UNILAB-Campus dos Mal\u00eas-BA)<br><strong>L\u00eddia Lima da Silva<\/strong> (UNILAB-Campus dos Mal\u00eas-BA)<br><strong>Detoubab Ndiaye<\/strong> (UNEB)<br><strong>Sene Carlos Indjai<\/strong> (UNILAB)<br><strong>Bruna Tais dos Dantos<\/strong> (UNEB)<br><strong>Euclides da Silva Santos<\/strong> (UNEB) <\/p>\n\n\n\n<p style=\"text-align:center\" class=\"has-background has-luminous-vivid-amber-background-color\"><strong>COMIT\u00ca CIENT\u00cdFICO<\/strong><\/p>\n\n\n\n<p class=\"has-background has-luminous-vivid-amber-background-color\"><strong>Alexandre Ant\u00f3nio Timbane<\/strong> (UNILAB-Campus dos Mal\u00eas-BA)<br><strong>Ana Maria Dje<\/strong> (Universit\u00e9 Houphouet Boigny, Abidjan, Costa do Marfim)<br><strong>Bas&#8217;llele Malomalo<\/strong> (UNILAB-Campus dos Mal\u00eas-BA)<br><strong>Catherine Tetteh<\/strong> (Melanin Foudation-Sui\u00e7a)<br><strong>Carolina Garc\u00eda Ram\u00edrez<\/strong> (Universidad Pedag\u00f3gica Nacional de Colombia)<br><strong>Cibele Barbosa da Silva Andrade<\/strong> (Funda\u00e7\u00e3o Joaquim Nabuco, Recife, Brasil)<br><strong>Christian Hounnouvi Coffi<\/strong> (Universit\u00e9 de Nantes, Fran\u00e7a)                           <strong>Daniel Kalfon<\/strong> (Universidad Tecnol\u00f3gica del Choc\u00f3-Diego Luis C\u00f3rdoba-Col\u00f4mbia)                                                                                                                       <strong>Detoubab Ndaye<\/strong> (UNEB-Brasil)<br><strong>\u00c9rika Bastos Arantes<\/strong> (UFF-Campos\/RJ-Brasil)<br><strong>Eugenio Nkogo-Ondo<\/strong> (Fil\u00f3sofo e escritor-Guin\u00e9-Equatorial\/Espanha)<br><strong>F\u00e1bia Barbosa Ribeiro<\/strong> (UNILAB-Campus dos Mal\u00eas-Bahia, Brasil)<br><strong>Fabiana Carneiro da Silva<\/strong> (UFSB-Brasil)<br><strong>Fernando Jorge Pina Tavares<\/strong> (UNILAB-Campus dos Mal\u00eas-BA)<br><strong>Fernando Proto Guti\u00e9rrez<\/strong> (EPR \u2013 Escuela del Pensamiento Radical (FAIA),<br> Argentina)<br><strong>Idalina Maria Freitas<\/strong> (UNILAB-Campus dos Mal\u00eas-BA)<br><strong>Joceneide Cunha<\/strong> (UNEB- Eun\u00e1polis)<br><strong>Juliana Barreto Farias<\/strong> (UNILAB-Campus dos Mal\u00eas-Bahia, Brasil-UNEB)<br><strong>L\u00eddia Lima da Silva<\/strong> (UNILAB-Campus dos Mal\u00eas-BA)<br><strong>Maria Aparecida Oliveira<\/strong> Lopes (UFSB-Brasil)<br><strong>Maria Thedim-Goirand<\/strong> (Universit\u00e9 Sorbonne Nouvelle, Paris 3, Fran\u00e7a)<br><strong>Michel Feugain<\/strong> (Universit\u00e9 Catholique de Lille, Fran\u00e7a)<br><strong>Michel Mbala, Lussunzi Vita<\/strong> (Universidade de Angola)<br><strong>Patricia Teixeira Santos<\/strong> (UNIFESP)                                                                                  <strong>Paul Mvengou Cruzmerino<\/strong> (Universit\u00e9 Omar Bongo, Libreville, Gab\u00e3o)<br><strong>Rosemberg Ferracini<\/strong> (UFT)<br><strong>Pedro Acosta Leyva<\/strong> (UNILAB-Campus dos Mal\u00eas-BA)<br><strong>Sandra Patr\u00edcia Guido<\/strong> (Universidad Pedag\u00f3gica Nacional de Colombia)                                                                                           <strong>S\u00e9bastien Lef\u00e8vre<\/strong> (Universit\u00e9 Gaston Berger, Saint Louis, Senegal\/Universit\u00e9 Paris Nanterre, Fran\u00e7a)<br><strong>V\u00e9ronique Okome-Beka<\/strong> (Ecole Normale Sup\u00e9rieure de Libreville, Gabon \/ Instituto Cultural Hispano Lus\u00f3fono (ICHL), Libreville, Gab\u00e3o)<br><strong>Vi-Makome Inongo<\/strong> (escritor, Espanha\/Camar\u00f5es)<br><strong>Wilmer Villa<\/strong> (Universidad Distrital Francisco Jos\u00e9 de Caldas-Col\u00f4mbia).<\/p>\n","protected":false},"excerpt":{"rendered":"<p>COORDENA\u00c7\u00c3O GERALJuliana Barreto Farias\u00a0(UNILAB-Campus dos Mal\u00eas-UNEB-BA,Brasil)F\u00e1bia Barbosa Ribeiro\u00a0(UNILAB-Campus dos Mal\u00eas- BA\/UNIFESP)Maria Aparecida Oliveira Lopes\u00a0(UFSB-Brasil)S\u00e9bastien Lef\u00e8vre\u00a0(Universit\u00e9 Gaston Berger, Saint Louis, Senegal\/Universit\u00e9 Paris Nanterre, Fran\u00e7a)Christian Hounnouvi Coffi\u00a0(Universit\u00e9 de Nantes, Fran\u00e7a)Michel Feugain\u00a0(Universit\u00e9 Catholique de Lille, Fran\u00e7a)Fabiana Carneiro da Silva\u00a0(UFSB-Brasil) COMISS\u00c3O ORGANIZADORA LOCAL Juliana Barreto Farias (UNILAB-Campus dos Mal\u00eas-Bahia, Brasil-UNEB Bahia) F\u00e1bia Barbosa Ribeiro (UNILAB-Campus dos Mal\u00eas-BA\/UNIFESP)Alexandre Ant\u00f3nio Timbane [&hellip;]<\/p>\n","protected":false},"author":2,"featured_media":0,"parent":0,"menu_order":6,"comment_status":"closed","ping_status":"closed","template":"","meta":{"footnotes":""},"class_list":["post-218","page","type-page","status-publish","hentry"],"_links":{"self":[{"href":"https:\/\/coloquiointernacional.unilab.edu.br\/index.php\/wp-json\/wp\/v2\/pages\/218","targetHints":{"allow":["GET"]}}],"collection":[{"href":"https:\/\/coloquiointernacional.unilab.edu.br\/index.php\/wp-json\/wp\/v2\/pages"}],"about":[{"href":"https:\/\/coloquiointernacional.unilab.edu.br\/index.php\/wp-json\/wp\/v2\/types\/page"}],"author":[{"embeddable":true,"href":"https:\/\/coloquiointernacional.unilab.edu.br\/index.php\/wp-json\/wp\/v2\/users\/2"}],"replies":[{"embeddable":true,"href":"https:\/\/coloquiointernacional.unilab.edu.br\/index.php\/wp-json\/wp\/v2\/comments?post=218"}],"version-history":[{"count":20,"href":"https:\/\/coloquiointernacional.unilab.edu.br\/index.php\/wp-json\/wp\/v2\/pages\/218\/revisions"}],"predecessor-version":[{"id":362,"href":"https:\/\/coloquiointernacional.unilab.edu.br\/index.php\/wp-json\/wp\/v2\/pages\/218\/revisions\/362"}],"wp:attachment":[{"href":"https:\/\/coloquiointernacional.unilab.edu.br\/index.php\/wp-json\/wp\/v2\/media?parent=218"}],"curies":[{"name":"wp","href":"https:\/\/api.w.org\/{rel}","templated":true}]}}