{"id":213,"date":"2019-10-09T17:24:52","date_gmt":"2019-10-09T20:24:52","guid":{"rendered":"http:\/\/coloquiointernacional.unilab.edu.br\/?page_id=213"},"modified":"2019-10-20T13:40:23","modified_gmt":"2019-10-20T16:40:23","slug":"programacao","status":"publish","type":"page","link":"https:\/\/coloquiointernacional.unilab.edu.br\/index.php\/programacao\/","title":{"rendered":"PROGRAMA\u00c7\u00c3O"},"content":{"rendered":"\n<p style=\"text-align:center\" class=\"has-background has-luminous-vivid-amber-background-color\"><strong>21 de outubro (segunda-feira) \u2013 Campus dos Mal\u00eas\/UNILAB<\/strong><br><\/p>\n\n\n\n<p class=\"has-background has-luminous-vivid-amber-background-color\"><strong>Tarde<\/strong><br>14h00-17h00 \u2013 Credenciamento<br><strong>Noite<\/strong><br>17h30 \u2013 Mesa institucional<br>18h00 \u2013 Confer\u00eancia de abertura<br><strong><em>\u201cAs imagens da \u00c1frica na educa\u00e7\u00e3o e na historiografia colonial\u201d<\/em><\/strong><br><strong>Prof. Dr. Kabengele Munanga (USP-UFRB)<\/strong><\/p>\n\n\n\n<p style=\"text-align:center\" class=\"has-background has-luminous-vivid-amber-background-color\"><strong>22 de outubro (ter\u00e7a-feira) \u2013 UNEB-Salvador<\/strong><\/p>\n\n\n\n<p class=\"has-background has-luminous-vivid-amber-background-color\"><strong><em>Manh\u00e3<\/em><\/strong><br>8h00-9h30 \u2013 Credenciamento<br>9h30-12h30- Grupos de trabalhos 1, 2 e 3- PPGEAFIN<br><strong><em>Tarde<\/em><\/strong><br>14h:00-17:00 \u2013 Mesa redonda \u2013 PPGEAFIN- CEPAIA<br><em><strong>\u201cO papel das institui\u00e7\u00f5es na constru\u00e7\u00e3o de uma educa\u00e7\u00e3o decolonial e afro-centrada\u201d.<\/strong><\/em><br><strong>Sebastien Lefr\u00e9vre&nbsp;<\/strong>(Senegal-Gaston Berger\/Nanterre-Paris): \u201cUniversit\u00e9 Gaston-Berger: sutilezas de una colonialidad casi perfecta\u201d.<strong><br>Pedro Acosta Leyva&nbsp;<\/strong>(Cuba-Brasil\/UNILAB): \u201cHist\u00f3ria da \u00c1frica: contribui\u00e7\u00f5es \u00e0 autonomia\u201d.                                                                      <strong>Florentina da Silva Souza<\/strong>&nbsp;(Brasil\/UFBA): \u201cPra qu\u00ea\u201d literatura negra na escola?<br>Mediadora:&nbsp;<strong>Profa. Dra. F\u00e1bia Barbosa Ribeiro<\/strong>&nbsp;(Brasil\/UNILAB-UNIFESP<\/p>\n\n\n\n<p style=\"text-align:center\" class=\"has-background has-luminous-vivid-amber-background-color\"><strong>23 de outubro (quarta-feira) \u2013 UNEB-Salvador<\/strong><\/p>\n\n\n\n<p class=\"has-background has-luminous-vivid-amber-background-color\"><strong><em>Manh\u00e3<\/em><\/strong><br>9h30-12h30- Grupos de trabalhos 1, 2 e 4 \u2013 PPGEAFIN<br><em><strong>Tarde<\/strong><\/em><br>14h00-17h00 \u2013 Mesa redonda PPGEAFIN- CEPAIA<br><strong><em>\u201cTradu\u00e7\u00e3o e ensino de L\u00ednguas estrangeiras em perspectiva decolonial\u201d<\/em><\/strong><br><strong>Mbare Ngom<\/strong>&nbsp;(Senegal\/Morgan State University): \u201cLa ensenanza del espanol y la transfricania en los manuales de didactica del espanol como segunda lengua\u201d.<br><strong>Alba Rodr\u00edguez-Garc\u00eda<\/strong>&nbsp;(Espanha\/Universit\u00e9 Gaston Berger, Senegal): \u201cDescolonizando la traducci\u00f3n: apuntes para su pr\u00e1ctica docente en un contexto africano\u201d.<br><strong>Deise Viana<\/strong>&nbsp;(Brasil\/IFBA-PUC\/SP) \u201cLibro did\u00e1ctico de Espa\u00f1ol y la ense\u00f1anza cr\u00edtica en contexto decolonial en Brasil\u201d.<br>Mediador:&nbsp;<strong>Prof. Dr. Alexandre Timbane<\/strong>&nbsp;(Mo\u00e7ambique\/UNILAB)<br><strong><em>Noite<\/em><br><\/strong>18h00 \u2013 Roda de saberes Koringoma<\/p>\n\n\n\n<p style=\"text-align:center\" class=\"has-background has-luminous-vivid-amber-background-color\"><strong>24 de outubro (quinta-feira) \u2013 UNEB-Salvador<\/strong><\/p>\n\n\n\n<p class=\"has-background has-luminous-vivid-amber-background-color\"><strong><em>Manh\u00e3<\/em><\/strong><br>9h30-12h30 \u2013 Grupos de trabalho\u00a0<strong>3 e 4<\/strong>\u00a0\u2013 PPGEAFIN<br><strong><em>Tarde<\/em><\/strong><br>15h:30 \u2013 Mesa Redonda \u2013 PPGEAFIN- CEPAIA<br><strong><em>\u201cExperi\u00eancias e pr\u00e1ticas pedag\u00f3gicas afro-decoloniais\u201d \u2013 Sandra\u00a0<\/em>Hayd\u00e9e Petit<\/strong>\u00a0(Cuba\/UFC): \u201cPr\u00e1ticas pretag\u00f3gicas na educa\u00e7\u00e3o b\u00e1sica e superior: conceitos operat\u00f3rios de uma epistemologia afrorreferenciada\u201d.\u00a0                                                                                             <strong>Eliane Costa Santos<\/strong>\u00a0(Brasil\/UNILAB) \u2013 \u201cEtnomatem\u00e1tica em rede de educa\u00e7\u00e3o municipal \u2013 Um exerc\u00edcio de decolonialidade do saber\u201d.<br><strong>Odara D\u00e8l\u00e9 de Almeida Oliveira\u00a0<\/strong>(Brasil\/CELLAC\/USP): \u201cAlfabantu: pr\u00e1ticas educacionais nas escolas\u201d.<br><strong>Carlos Henrique On\u00e3 Veloso<\/strong>\u00a0(Brasil\/UFRJ): \u201cYorub\u00e1 na Filosofia da UFRJ \u2013 O ensino da l\u00edngua e da cultura yorub\u00e1 como estrat\u00e9gia de decoloniza\u00e7\u00e3o do pensamento\u201d.<br>Mediadora:\u00a0<strong>Profa. Dra. Idalina Maria Almeida de Freitas<\/strong>\u00a0(Brasil\/UNILAB)<br><strong><em>Noite<\/em><\/strong><br>18h30 \u2013 Roda de lan\u00e7amento de livros, coquetel \u2013 <strong>ESPA\u00c7O CULTURAL D&#8217;VENETTA: <\/strong>Rua dos Ad\u00f4bes, 12 &#8211; Santo Ant\u00f4nio Al\u00e9m do Carmo \u2013 Salvador-BA <\/p>\n\n\n\n<p><\/p>\n\n\n\n<p style=\"text-align:center\" class=\"has-background has-luminous-vivid-amber-background-color\"><strong>25 de outubro (sexta-feira) \u2013 UNEB-Salvador<\/strong><\/p>\n\n\n\n<p class=\"has-background has-luminous-vivid-amber-background-color\"><br><strong><em>Manh\u00e3<\/em><\/strong><br>9h00-12h00 \u2013 \u201cOficina Pretag\u00f3gica\u201d com Sandra Petit \u2013 CEPAIA<br><strong><em>Tarde<\/em><\/strong><br>16h:30\u2013 Mesa de encerramento \u2013 PPGEAFIN- CEPAIA<br><strong><em>\u201cFilosofia e ancestralidade africano-brasileira: di\u00e1logos para uma educa\u00e7\u00e3o afroc\u00eantrica\u201d.<\/em><\/strong><br><strong>Eugenio Nkogo-Ondo<\/strong>&nbsp;(Guin\u00e9 Equatorial\/Fil\u00f3sofo e escritor-Guin\u00e9-Equatorial\/Espanha): \u201cParadigmas de una investigaci\u00f3n de la filosof\u00eda africana y afroabyalense para su inclusi\u00f3n en los processos pedag\u00f3gicos contempor\u00e1neos\u201d.&nbsp;                                                                                             <strong>Tigan\u00e1 Santana Neves Santos<\/strong>&nbsp;(Brasil\/IEB\/USP): \u201cUma educa\u00e7\u00e3o para a inconst\u00e2ncia a partir de princ\u00edpios africanos\u201d.<br>Mediador:&nbsp;<strong>Marcos Carvalho Lopes<\/strong>&nbsp;(Brasil\/UNILAB)<br><strong><em>Noite<\/em><\/strong><br>Jantar de encerramento, m\u00fasica&nbsp;<strong>Oliveira\u2019s bar<\/strong><\/p>\n\n\n\n<p style=\"text-align:center\" class=\"has-background has-luminous-vivid-amber-background-color\"><strong>26 de outubro (s\u00e1bado) \u2013  LOCAL A DEFINIR<\/strong><\/p>\n\n\n\n<p class=\"has-background has-luminous-vivid-amber-background-color\"><strong><em>Manh\u00e3<\/em><\/strong><br>9h30-12h30<br>\u2022 Oficinas-Workshops para produ\u00e7\u00e3o de material did\u00e1tico \u2013 finaliza\u00e7\u00e3o e<br>sistematiza\u00e7\u00e3o dos trabalhos<br>\u2022 Prepara\u00e7\u00e3o para a terceira edi\u00e7\u00e3o do Col\u00f3quio.&nbsp;                                       <\/p>\n\n\n\n<figure class=\"wp-block-image\"><img loading=\"lazy\" decoding=\"async\" width=\"1024\" height=\"1024\" src=\"https:\/\/coloquiointernacional.unilab.edu.br\/wp-content\/uploads\/2019\/10\/col\u00f3quio-1-1024x1024.jpg\" alt=\"\" class=\"wp-image-249\" srcset=\"https:\/\/coloquiointernacional.unilab.edu.br\/wp-content\/uploads\/2019\/10\/col\u00f3quio-1-1024x1024.jpg 1024w, https:\/\/coloquiointernacional.unilab.edu.br\/wp-content\/uploads\/2019\/10\/col\u00f3quio-1-150x150.jpg 150w, https:\/\/coloquiointernacional.unilab.edu.br\/wp-content\/uploads\/2019\/10\/col\u00f3quio-1-300x300.jpg 300w, https:\/\/coloquiointernacional.unilab.edu.br\/wp-content\/uploads\/2019\/10\/col\u00f3quio-1-768x768.jpg 768w, https:\/\/coloquiointernacional.unilab.edu.br\/wp-content\/uploads\/2019\/10\/col\u00f3quio-1.jpg 1280w\" sizes=\"auto, (max-width: 1024px) 100vw, 1024px\" \/><\/figure>\n","protected":false},"excerpt":{"rendered":"<p>21 de outubro (segunda-feira) \u2013 Campus dos Mal\u00eas\/UNILAB Tarde14h00-17h00 \u2013 CredenciamentoNoite17h30 \u2013 Mesa institucional18h00 \u2013 Confer\u00eancia de abertura\u201cAs imagens da \u00c1frica na educa\u00e7\u00e3o e na historiografia colonial\u201dProf. Dr. Kabengele Munanga (USP-UFRB) 22 de outubro (ter\u00e7a-feira) \u2013 UNEB-Salvador Manh\u00e38h00-9h30 \u2013 Credenciamento9h30-12h30- Grupos de trabalhos 1, 2 e 3- PPGEAFINTarde14h:00-17:00 \u2013 Mesa redonda \u2013 PPGEAFIN- CEPAIA\u201cO papel [&hellip;]<\/p>\n","protected":false},"author":2,"featured_media":0,"parent":0,"menu_order":1,"comment_status":"closed","ping_status":"closed","template":"","meta":{"footnotes":""},"class_list":["post-213","page","type-page","status-publish","hentry"],"_links":{"self":[{"href":"https:\/\/coloquiointernacional.unilab.edu.br\/index.php\/wp-json\/wp\/v2\/pages\/213","targetHints":{"allow":["GET"]}}],"collection":[{"href":"https:\/\/coloquiointernacional.unilab.edu.br\/index.php\/wp-json\/wp\/v2\/pages"}],"about":[{"href":"https:\/\/coloquiointernacional.unilab.edu.br\/index.php\/wp-json\/wp\/v2\/types\/page"}],"author":[{"embeddable":true,"href":"https:\/\/coloquiointernacional.unilab.edu.br\/index.php\/wp-json\/wp\/v2\/users\/2"}],"replies":[{"embeddable":true,"href":"https:\/\/coloquiointernacional.unilab.edu.br\/index.php\/wp-json\/wp\/v2\/comments?post=213"}],"version-history":[{"count":7,"href":"https:\/\/coloquiointernacional.unilab.edu.br\/index.php\/wp-json\/wp\/v2\/pages\/213\/revisions"}],"predecessor-version":[{"id":369,"href":"https:\/\/coloquiointernacional.unilab.edu.br\/index.php\/wp-json\/wp\/v2\/pages\/213\/revisions\/369"}],"wp:attachment":[{"href":"https:\/\/coloquiointernacional.unilab.edu.br\/index.php\/wp-json\/wp\/v2\/media?parent=213"}],"curies":[{"name":"wp","href":"https:\/\/api.w.org\/{rel}","templated":true}]}}